{"id":1411,"date":"2025-05-08T11:27:29","date_gmt":"2025-05-08T11:27:29","guid":{"rendered":"http:\/\/llanobeisbol.com\/?page_id=1411"},"modified":"2025-05-20T10:15:19","modified_gmt":"2025-05-20T10:15:19","slug":"entrenamientos","status":"publish","type":"page","link":"https:\/\/llanobeisbol.com\/index.php\/entrenamientos\/","title":{"rendered":"Entrenamientos"},"content":{"rendered":"<div class=\"fusion-fullwidth fullwidth-box fusion-builder-row-1 fusion-flex-container has-pattern-background has-mask-background nonhundred-percent-fullwidth non-hundred-percent-height-scrolling\" style=\"--awb-border-radius-top-left:0px;--awb-border-radius-top-right:0px;--awb-border-radius-bottom-right:0px;--awb-border-radius-bottom-left:0px;--awb-padding-top:22px;--awb-flex-wrap:wrap;\" ><div class=\"fusion-builder-row fusion-row fusion-flex-align-items-flex-start fusion-flex-content-wrap\" style=\"max-width:1248px;margin-left: calc(-4% \/ 2 );margin-right: calc(-4% \/ 2 );\"><div class=\"fusion-layout-column fusion_builder_column fusion-builder-column-0 fusion_builder_column_1_1 1_1 fusion-flex-column\" style=\"--awb-padding-top:20px;--awb-bg-size:cover;--awb-width-large:100%;--awb-margin-top-large:0px;--awb-spacing-right-large:1.92%;--awb-margin-bottom-large:25px;--awb-spacing-left-large:1.92%;--awb-width-medium:100%;--awb-order-medium:0;--awb-spacing-right-medium:1.92%;--awb-spacing-left-medium:1.92%;--awb-width-small:100%;--awb-order-small:0;--awb-spacing-right-small:1.92%;--awb-spacing-left-small:1.92%;\"><div class=\"fusion-column-wrapper fusion-column-has-shadow fusion-flex-justify-content-flex-start fusion-content-layout-column\"><div class=\"fusion-text fusion-text-1 fusion-no-small-visibility titulo_entrenamiento \" style=\"--awb-text-font-family:&quot;Montserrat&quot;;--awb-text-font-style:normal;--awb-text-font-weight:400;\"><h2 style=\"text-align: center;\"><span style=\"color: #105935;\">Horario de entrenamiento<\/span><\/h2>\n<\/div><div class=\"fusion-text fusion-text-2 fusion-no-medium-visibility fusion-no-large-visibility titulo_entrenamiento \" style=\"--awb-text-font-family:&quot;Montserrat&quot;;--awb-text-font-style:normal;--awb-text-font-weight:400;\"><h3 style=\"text-align: center;\"><span style=\"color: #105935;\">Horario de entrenamiento<\/span><\/h3>\n<\/div><div class=\"fusion-text fusion-text-3\" style=\"--awb-text-font-family:&quot;Montserrat&quot;;--awb-text-font-style:normal;--awb-text-font-weight:400;\"><p style=\"text-align: center;\"><span style=\"color: #000000;\">Utilizamos los campos de b\u00e9isbol y s\u00f3ftbol de la Universidad Laboral de Gij\u00f3n, un espacio ideal para disfrutar de este deporte en un entorno privilegiado. Si te apetece venir a probar un d\u00eda de entrenamiento con el Club de B\u00e9isbol El Llano, \u00a1solo tienes que avisarnos! Estaremos encantados de recibirte, mostrarte c\u00f3mo entrenamos y compartir contigo nuestra pasi\u00f3n por el b\u00e9isbol y el s\u00f3ftbol.<\/span><\/p>\n<\/div>\n<div class=\"table-2\" style=\"--awb-margin-bottom:3%;\">\n<p>&nbsp;<\/p>\n<table width=\"100%\">\n<thead>\n<tr>\n<th style=\"text-align: center;\" align=\"left\"><span style=\"color: #000000;\">MARTES<\/span><\/th>\n<th style=\"text-align: center;\" align=\"left\"><span style=\"color: #000000;\">JUEVES<\/span><\/th>\n<th style=\"text-align: center;\" align=\"left\"><span style=\"color: #000000;\">S\u00c1BADOS<\/span><\/th>\n<\/tr>\n<\/thead>\n<tbody>\n<tr>\n<td style=\"text-align: center;\" align=\"left\"><span style=\"color: #008000;\">16:30 a 18:30<\/span><\/td>\n<td style=\"text-align: center;\" align=\"left\"><span style=\"color: #008000;\">16:30 a 18:30<\/span><\/td>\n<td align=\"left\">\n<hr>\n<hr>\n<\/td>\n<\/tr>\n<tr>\n<td style=\"text-align: center;\" align=\"left\"><span style=\"color: #ff0000;\">19:00&nbsp; 21:00<\/span><\/td>\n<td style=\"text-align: center;\" align=\"left\"><span style=\"color: #ff0000;\">19:00&nbsp; 21:00<\/span><\/td>\n<td style=\"text-align: center;\" align=\"left\"><span style=\"color: #ff0000;\">16:00&nbsp; 19:00<\/span><\/td>\n<\/tr>\n<\/tbody>\n<\/table>\n<\/div>\n<div class=\"fusion-reading-box-container reading-box-container-1\" style=\"--awb-title-color:var(--awb-color8);--awb-margin-top:0px;--awb-margin-bottom:20px;--awb-title-font-family:&quot;Montserrat&quot;;--awb-title-font-style:normal;--awb-title-font-weight:300;\"><div class=\"reading-box\" style=\"background-color:rgba(0,239,135,0.15);border-width:2px;border-color:rgba(7,122,36,0.95);border-style:solid;\"><div class=\"reading-box-description\">Leyenda<\/div><div class=\"reading-box-additional\">\n<p style=\"text-align: left;\"><strong><span style=\"color: #000000;\">CATEGOR\u00cdA: <span style=\"color: #008000;\">SUB-10\/12<\/span><\/span><\/strong><\/p>\n<hr>\n<p><strong><span style=\"color: #000000;\">CATEGOR\u00cdA: <span style=\"color: #008000;\">SUB-15<\/span><\/span><\/strong><\/p>\n<hr>\n<p><strong><span style=\"color: #000000;\">CATEGOR\u00cdA: <span style=\"color: #ff0000;\">SUB-18<\/span><\/span><\/strong><\/p>\n<hr>\n<p><strong><span style=\"color: #000000;\">CATEGOR\u00cdA: <span style=\"color: #ff0000;\">SENIOR<\/span><\/span><\/strong><\/p>\n<\/div><div class=\"fusion-clearfix\"><\/div><\/div><svg style=\"opacity:0.50;\" xmlns=\"http:\/\/www.w3.org\/2000\/svg\" version=\"1.1\" width=\"100%\" viewBox=\"0 0 600 28\" preserveAspectRatio=\"none\"><g clip-path=\"url(#a)\"><mask id=\"b\" style=\"mask-type:luminance\" maskUnits=\"userSpaceOnUse\" x=\"0\" y=\"0\" width=\"600\" height=\"28\"><path d=\"M0 0h600v28H0V0Z\" fill=\"#fff\"\/><\/mask><g filter=\"url(#c)\" mask=\"url(#b)\"><path d=\"M16.439-18.667h567.123v30.8S438.961-8.4 300-8.4C161.04-8.4 16.438 12.133 16.438 12.133v-30.8Z\" fill=\"#000\"\/><\/g><\/g><defs><clipPath id=\"a\"><path fill=\"#fff\" d=\"M0 0h600v28H0z\"\/><\/clipPath><filter id=\"c\" x=\"5.438\" y=\"-29.667\" width=\"589.123\" height=\"52.8\" filterUnits=\"userSpaceOnUse\" color-interpolation-filters=\"sRGB\"><feFlood flood-opacity=\"0\" result=\"BackgroundImageFix\"\/><feBlend in=\"SourceGraphic\" in2=\"BackgroundImageFix\" result=\"shape\"\/><feGaussianBlur stdDeviation=\"5.5\" result=\"effect1_foregroundBlur_3983_183\"\/><\/filter><\/defs><\/svg><\/div><\/div><\/div><\/div><\/div>\n","protected":false},"excerpt":{"rendered":"","protected":false},"author":1,"featured_media":0,"parent":0,"menu_order":0,"comment_status":"closed","ping_status":"closed","template":"","meta":{"footnotes":""},"class_list":["post-1411","page","type-page","status-publish","hentry"],"_links":{"self":[{"href":"https:\/\/llanobeisbol.com\/index.php\/wp-json\/wp\/v2\/pages\/1411","targetHints":{"allow":["GET"]}}],"collection":[{"href":"https:\/\/llanobeisbol.com\/index.php\/wp-json\/wp\/v2\/pages"}],"about":[{"href":"https:\/\/llanobeisbol.com\/index.php\/wp-json\/wp\/v2\/types\/page"}],"author":[{"embeddable":true,"href":"https:\/\/llanobeisbol.com\/index.php\/wp-json\/wp\/v2\/users\/1"}],"replies":[{"embeddable":true,"href":"https:\/\/llanobeisbol.com\/index.php\/wp-json\/wp\/v2\/comments?post=1411"}],"version-history":[{"count":29,"href":"https:\/\/llanobeisbol.com\/index.php\/wp-json\/wp\/v2\/pages\/1411\/revisions"}],"predecessor-version":[{"id":3796,"href":"https:\/\/llanobeisbol.com\/index.php\/wp-json\/wp\/v2\/pages\/1411\/revisions\/3796"}],"wp:attachment":[{"href":"https:\/\/llanobeisbol.com\/index.php\/wp-json\/wp\/v2\/media?parent=1411"}],"curies":[{"name":"wp","href":"https:\/\/api.w.org\/{rel}","templated":true}]}}