{"id":1405,"date":"2025-05-08T11:08:05","date_gmt":"2025-05-08T11:08:05","guid":{"rendered":"http:\/\/llanobeisbol.com\/?page_id=1405"},"modified":"2025-06-16T13:26:38","modified_gmt":"2025-06-16T13:26:38","slug":"biografia","status":"publish","type":"page","link":"https:\/\/llanobeisbol.com\/index.php\/biografia\/","title":{"rendered":"Biograf\u00eda"},"content":{"rendered":"<p><div class=\"fusion-fullwidth fullwidth-box fusion-builder-row-1 fusion-flex-container has-pattern-background has-mask-background nonhundred-percent-fullwidth non-hundred-percent-height-scrolling\" style=\"--awb-border-radius-top-left:20px;--awb-border-radius-top-right:0px;--awb-border-radius-bottom-right:0px;--awb-border-radius-bottom-left:0px;--awb-overflow:hidden;--awb-background-color:#efefef;--awb-flex-wrap:wrap;\" ><div class=\"fusion-builder-row fusion-row fusion-flex-align-items-center fusion-flex-justify-content-center fusion-flex-content-wrap\" style=\"max-width:1248px;margin-left: calc(-4% \/ 2 );margin-right: calc(-4% \/ 2 );\"><div class=\"fusion-layout-column fusion_builder_column fusion-builder-column-0 fusion_builder_column_2_3 2_3 fusion-flex-column\" style=\"--awb-bg-size:cover;--awb-width-large:66.666666666667%;--awb-margin-top-large:0px;--awb-spacing-right-large:2.88%;--awb-margin-bottom-large:0px;--awb-spacing-left-large:2.88%;--awb-width-medium:66.666666666667%;--awb-order-medium:0;--awb-spacing-right-medium:2.88%;--awb-spacing-left-medium:2.88%;--awb-width-small:100%;--awb-order-small:0;--awb-spacing-right-small:1.92%;--awb-spacing-left-small:1.92%;\"><div class=\"fusion-column-wrapper fusion-column-has-shadow fusion-flex-justify-content-center fusion-content-layout-column\"><div class=\"fusion-text fusion-text-1\" style=\"--awb-text-font-family:&quot;Montserrat&quot;;--awb-text-font-style:normal;--awb-text-font-weight:300;\"><h3 data-start=\"213\" data-end=\"306\"><span style=\"color: #000000;\">\ud83e\udde2<span style=\"color: #008000;\"> <strong>Club de B\u00e9isbol El Llano<\/strong><\/span><\/span><\/h3>\n<p data-start=\"213\" data-end=\"306\"><strong><span style=\"color: #000000;\"><em data-start=\"247\" data-end=\"304\">Pasi\u00f3n, historia y compromiso con el b\u00e9isbol desde 1986<\/em><\/span><\/strong><\/p>\n<p class=\"\" data-start=\"308\" data-end=\"724\"><span style=\"color: #000000;\">Desde su fundaci\u00f3n, por un grupo de entusiastas del b\u00e9isbol, el Club de B\u00e9isbol El Llano no tard\u00f3 en dejar huella, ascendiendo r\u00e1pidamente a la m\u00e1xima categor\u00eda nacional. A lo largo de los a\u00f1os, el club fue creciendo y formando cantera, sumando categor\u00edas inferiores hasta contar actualmente con una estructura consolidada <strong>con categor\u00edas&nbsp;Sub-12\/10, Sub-15, Sub-18, Senior y S\u00f3ftbol femenino.<\/strong><\/span><\/p>\n<p class=\"\" data-start=\"726\" data-end=\"1014\"><span style=\"color: #000000;\">\ud83d\udca5 En 2002, el equipo absoluto logr\u00f3 el ascenso a <strong>Divisi\u00f3n de Honor,<\/strong> tras proclamarse campe\u00f3n de <strong>Primera Divisi\u00f3n A<\/strong>. La inolvidable gesta fue posible gracias, entre otros, al impulso del jugador estadounidense Jon Lauderdale, procedente de la Universidad de San Jos\u00e9 (California).<\/span><\/p>\n<p class=\"\" data-start=\"1016\" data-end=\"1238\"><span style=\"color: #000000;\">\ud83c\udfc6 Entre sus momentos m\u00e1s destacados se encuentra la temporada 2008, cuando el club alcanz\u00f3 el cuarto puesto en la liga y se coron\u00f3 campe\u00f3n de la Copa de Su Majestad el Rey, su mayor t\u00edtulo a nivel nacional hasta la fecha.<\/span><\/p>\n<p class=\"\" data-start=\"1240\" data-end=\"1324\"><span style=\"color: #000000;\">Tras una breve etapa fuera de la cumbre competitiva, regres\u00f3 con fuerza en 2012.<\/span><\/p>\n<\/div><\/div><\/div><div class=\"fusion-layout-column fusion_builder_column fusion-builder-column-1 fusion_builder_column_1_3 1_3 fusion-flex-column\" style=\"--awb-padding-top-small:0px;--awb-bg-size:cover;--awb-width-large:33.333333333333%;--awb-margin-top-large:0px;--awb-spacing-right-large:5.76%;--awb-margin-bottom-large:0px;--awb-spacing-left-large:5.76%;--awb-width-medium:33.333333333333%;--awb-order-medium:0;--awb-spacing-right-medium:5.76%;--awb-spacing-left-medium:5.76%;--awb-width-small:100%;--awb-order-small:0;--awb-margin-top-small:-120px;--awb-spacing-right-small:1.92%;--awb-margin-bottom-small:40px;--awb-spacing-left-small:1.92%;\"><div class=\"fusion-column-wrapper fusion-column-has-shadow fusion-flex-justify-content-flex-start fusion-content-layout-column\"><div class=\"fusion-image-element \" style=\"text-align:center;--awb-margin-top:35%;--awb-caption-title-font-family:var(--h2_typography-font-family);--awb-caption-title-font-weight:var(--h2_typography-font-weight);--awb-caption-title-font-style:var(--h2_typography-font-style);--awb-caption-title-size:var(--h2_typography-font-size);--awb-caption-title-transform:var(--h2_typography-text-transform);--awb-caption-title-line-height:var(--h2_typography-line-height);--awb-caption-title-letter-spacing:var(--h2_typography-letter-spacing);\"><span class=\" fusion-imageframe imageframe-none imageframe-1 hover-type-none\"><img decoding=\"async\" width=\"229\" height=\"164\" title=\"Escudo_Club_El_Llano_antiguo-removebg-preview\" src=\"https:\/\/llanobeisbol.com\/wp-content\/uploads\/2025\/05\/Escudo_Club_El_Llano_antiguo-removebg-preview.png\" data-orig-src=\"https:\/\/llanobeisbol.com\/wp-content\/uploads\/2025\/05\/Escudo_Club_El_Llano_antiguo-removebg-preview.png\" alt class=\"lazyload img-responsive wp-image-3905\" srcset=\"data:image\/svg+xml,%3Csvg%20xmlns%3D%27http%3A%2F%2Fwww.w3.org%2F2000%2Fsvg%27%20width%3D%27229%27%20height%3D%27164%27%20viewBox%3D%270%200%20229%20164%27%3E%3Crect%20width%3D%27229%27%20height%3D%27164%27%20fill-opacity%3D%220%22%2F%3E%3C%2Fsvg%3E\" data-srcset=\"https:\/\/llanobeisbol.com\/wp-content\/uploads\/2025\/05\/Escudo_Club_El_Llano_antiguo-removebg-preview-200x143.png 200w, https:\/\/llanobeisbol.com\/wp-content\/uploads\/2025\/05\/Escudo_Club_El_Llano_antiguo-removebg-preview.png 229w\" data-sizes=\"auto\" data-orig-sizes=\"(max-width: 800px) 100vw, 229px\" \/><\/span><\/div><div class=\"fusion-image-element \" style=\"text-align:center;--awb-margin-top:25%;--awb-caption-title-font-family:var(--h2_typography-font-family);--awb-caption-title-font-weight:var(--h2_typography-font-weight);--awb-caption-title-font-style:var(--h2_typography-font-style);--awb-caption-title-size:var(--h2_typography-font-size);--awb-caption-title-transform:var(--h2_typography-text-transform);--awb-caption-title-line-height:var(--h2_typography-line-height);--awb-caption-title-letter-spacing:var(--h2_typography-letter-spacing);\"><span class=\" fusion-imageframe imageframe-none imageframe-2 hover-type-none\" style=\"border-radius:8px;\"><img decoding=\"async\" width=\"1600\" height=\"911\" src=\"https:\/\/llanobeisbol.com\/wp-content\/uploads\/2025\/05\/WhatsApp-Image-2025-05-13-at-11.05.32-1-3.jpeg\" data-orig-src=\"https:\/\/llanobeisbol.com\/wp-content\/uploads\/2025\/05\/WhatsApp-Image-2025-05-13-at-11.05.32-1-3.jpeg\" alt class=\"lazyload img-responsive wp-image-3630\" srcset=\"data:image\/svg+xml,%3Csvg%20xmlns%3D%27http%3A%2F%2Fwww.w3.org%2F2000%2Fsvg%27%20width%3D%271600%27%20height%3D%27911%27%20viewBox%3D%270%200%201600%20911%27%3E%3Crect%20width%3D%271600%27%20height%3D%27911%27%20fill-opacity%3D%220%22%2F%3E%3C%2Fsvg%3E\" data-srcset=\"https:\/\/llanobeisbol.com\/wp-content\/uploads\/2025\/05\/WhatsApp-Image-2025-05-13-at-11.05.32-1-3-200x114.jpeg 200w, https:\/\/llanobeisbol.com\/wp-content\/uploads\/2025\/05\/WhatsApp-Image-2025-05-13-at-11.05.32-1-3-400x228.jpeg 400w, https:\/\/llanobeisbol.com\/wp-content\/uploads\/2025\/05\/WhatsApp-Image-2025-05-13-at-11.05.32-1-3-600x342.jpeg 600w, https:\/\/llanobeisbol.com\/wp-content\/uploads\/2025\/05\/WhatsApp-Image-2025-05-13-at-11.05.32-1-3-800x456.jpeg 800w, https:\/\/llanobeisbol.com\/wp-content\/uploads\/2025\/05\/WhatsApp-Image-2025-05-13-at-11.05.32-1-3-1200x683.jpeg 1200w, https:\/\/llanobeisbol.com\/wp-content\/uploads\/2025\/05\/WhatsApp-Image-2025-05-13-at-11.05.32-1-3.jpeg 1600w\" data-sizes=\"auto\" data-orig-sizes=\"(max-width: 800px) 100vw, 400px\" \/><\/span><\/div><\/div><\/div><\/div><\/div><div class=\"fusion-fullwidth fullwidth-box fusion-builder-row-2 fusion-flex-container has-pattern-background has-mask-background nonhundred-percent-fullwidth non-hundred-percent-height-scrolling\" style=\"--awb-border-radius-top-left:0px;--awb-border-radius-top-right:0px;--awb-border-radius-bottom-right:0px;--awb-border-radius-bottom-left:0px;--awb-background-color:#efefef;--awb-flex-wrap:wrap;\" ><div class=\"fusion-builder-row fusion-row fusion-flex-align-items-flex-start fusion-flex-content-wrap\" style=\"max-width:1248px;margin-left: calc(-4% \/ 2 );margin-right: calc(-4% \/ 2 );\"><div class=\"fusion-layout-column fusion_builder_column fusion-builder-column-2 fusion_builder_column_1_1 1_1 fusion-flex-column\" style=\"--awb-bg-size:cover;--awb-width-large:100%;--awb-margin-top-large:0px;--awb-spacing-right-large:1.92%;--awb-margin-bottom-large:50px;--awb-spacing-left-large:1.92%;--awb-width-medium:100%;--awb-order-medium:0;--awb-spacing-right-medium:1.92%;--awb-spacing-left-medium:1.92%;--awb-width-small:100%;--awb-order-small:0;--awb-spacing-right-small:1.92%;--awb-margin-bottom-small:1px;--awb-spacing-left-small:1.92%;\"><div class=\"fusion-column-wrapper fusion-column-has-shadow fusion-flex-justify-content-flex-start fusion-content-layout-column\"><div class=\"fusion-title title fusion-title-1 fusion-sep-none fusion-title-text fusion-title-size-two ultimos_triunfos\"><h2 class=\"fusion-title-heading title-heading-left\" style=\"margin:0;\">\ud83c\udfc6<strong><span style=\"color: #008000;\">Recientes<\/span><\/strong><\/h2><\/div><\/div><\/div><div class=\"fusion-layout-column fusion_builder_column fusion-builder-column-3 fusion_builder_column_1_3 1_3 fusion-flex-column\" style=\"--awb-bg-size:cover;--awb-width-large:33.333333333333%;--awb-margin-top-large:0px;--awb-spacing-right-large:5.76%;--awb-margin-bottom-large:0px;--awb-spacing-left-large:5.76%;--awb-width-medium:33.333333333333%;--awb-order-medium:0;--awb-spacing-right-medium:5.76%;--awb-spacing-left-medium:5.76%;--awb-width-small:100%;--awb-order-small:0;--awb-spacing-right-small:1.92%;--awb-spacing-left-small:1.92%;\"><div class=\"fusion-column-wrapper fusion-column-has-shadow fusion-flex-justify-content-flex-start fusion-content-layout-column\"><div class=\"fusion-text fusion-text-2\"><h5><strong><span style=\"color: #000000;\">\ud83d\udd39 Temporada 2022<\/span><\/strong><\/h5>\n<ul>\n<li><strong><span style=\"color: #000000;\">Campeones de Asturias Senior.<\/span><\/strong><\/li>\n<li><strong><span style=\"color: #000000;\">Campeones Copa Federaci\u00f3n Sub-18.<\/span><\/strong><\/li>\n<li><strong><span style=\"color: #000000;\">Subcampeones de Asturias Sub-18.<\/span><\/strong><\/li>\n<li><strong><span style=\"color: #000000;\">Subcampeones de la Serie Nacional de B\u00e9isbol de Espa\u00f1a Sub-15.<\/span><\/strong><\/li>\n<li><strong><span style=\"color: #000000;\">Campeones de Asturias Sub-15.<\/span><\/strong><\/li>\n<li><strong><span style=\"color: #000000;\">Campeones Copa Federaci\u00f3n Sub-15.<\/span><\/strong><\/li>\n<\/ul>\n<\/div><\/div><\/div><div class=\"fusion-layout-column fusion_builder_column fusion-builder-column-4 fusion_builder_column_1_3 1_3 fusion-flex-column\" style=\"--awb-bg-size:cover;--awb-width-large:33.333333333333%;--awb-margin-top-large:0px;--awb-spacing-right-large:5.76%;--awb-margin-bottom-large:0px;--awb-spacing-left-large:5.76%;--awb-width-medium:33.333333333333%;--awb-order-medium:0;--awb-spacing-right-medium:5.76%;--awb-spacing-left-medium:5.76%;--awb-width-small:100%;--awb-order-small:0;--awb-spacing-right-small:1.92%;--awb-spacing-left-small:1.92%;\"><div class=\"fusion-column-wrapper fusion-column-has-shadow fusion-flex-justify-content-flex-start fusion-content-layout-column\"><div class=\"fusion-text fusion-text-3\"><h5><strong><span style=\"color: #000000;\">\ud83d\udd39 Temporada 2023<\/span><\/strong><\/h5>\n<ul>\n<li><strong><span style=\"color: #000000;\">Subcampeones Copa Federaci\u00f3n Senior.<\/span><\/strong><\/li>\n<li><strong><span style=\"color: #000000;\">Campeones de Asturias Sub-18.<\/span><\/strong><\/li>\n<li><strong><span style=\"color: #000000;\">Campeones Copa Federaci\u00f3n Sub-18.<\/span><\/strong><\/li>\n<li><strong><span style=\"color: #000000;\">Subcampeones de Asturias Sub-15.<\/span><\/strong><\/li>\n<\/ul>\n<\/div><\/div><\/div><div class=\"fusion-layout-column fusion_builder_column fusion-builder-column-5 fusion_builder_column_1_3 1_3 fusion-flex-column\" style=\"--awb-bg-size:cover;--awb-width-large:33.333333333333%;--awb-margin-top-large:0px;--awb-spacing-right-large:5.76%;--awb-margin-bottom-large:0px;--awb-spacing-left-large:5.76%;--awb-width-medium:33.333333333333%;--awb-order-medium:0;--awb-spacing-right-medium:5.76%;--awb-spacing-left-medium:5.76%;--awb-width-small:100%;--awb-order-small:0;--awb-spacing-right-small:1.92%;--awb-spacing-left-small:1.92%;\"><div class=\"fusion-column-wrapper fusion-column-has-shadow fusion-flex-justify-content-flex-start fusion-content-layout-column\"><div class=\"fusion-text fusion-text-4 fusion-text-no-margin\" style=\"--awb-margin-bottom:15%;\"><h5><strong><span style=\"color: #000000;\">\ud83d\udd39 Temporada 2024<\/span><\/strong><\/h5>\n<ul>\n<li><strong><span style=\"color: #000000;\">Campeones Copa Federaci\u00f3n Senior.<\/span><\/strong><\/li>\n<li><strong><span style=\"color: #000000;\">Subcampeones de Asturias Senior.<\/span><\/strong><\/li>\n<li><strong><span style=\"color: #000000;\">Subcampeones de Asturias Sub-21.<\/span><\/strong><\/li>\n<li><strong><span style=\"color: #000000;\">Subcampeones de Espa\u00f1a en la Serie Nacional de B\u00e9isbol Sub-18.<\/span><\/strong><\/li>\n<li><strong><span style=\"color: #000000;\">Campeones de Asturias Sub-14 (GreenSox).<\/span><\/strong><\/li>\n<li><strong><span style=\"color: #000000;\">Subcampeones de Asturias Sub-14 (YellowJays).<\/span><\/strong><\/li>\n<\/ul>\n<\/div><\/div><\/div><\/div><\/div><\/p>\n","protected":false},"excerpt":{"rendered":"","protected":false},"author":1,"featured_media":0,"parent":0,"menu_order":0,"comment_status":"closed","ping_status":"closed","template":"","meta":{"footnotes":""},"class_list":["post-1405","page","type-page","status-publish","hentry"],"_links":{"self":[{"href":"https:\/\/llanobeisbol.com\/index.php\/wp-json\/wp\/v2\/pages\/1405","targetHints":{"allow":["GET"]}}],"collection":[{"href":"https:\/\/llanobeisbol.com\/index.php\/wp-json\/wp\/v2\/pages"}],"about":[{"href":"https:\/\/llanobeisbol.com\/index.php\/wp-json\/wp\/v2\/types\/page"}],"author":[{"embeddable":true,"href":"https:\/\/llanobeisbol.com\/index.php\/wp-json\/wp\/v2\/users\/1"}],"replies":[{"embeddable":true,"href":"https:\/\/llanobeisbol.com\/index.php\/wp-json\/wp\/v2\/comments?post=1405"}],"version-history":[{"count":54,"href":"https:\/\/llanobeisbol.com\/index.php\/wp-json\/wp\/v2\/pages\/1405\/revisions"}],"predecessor-version":[{"id":4208,"href":"https:\/\/llanobeisbol.com\/index.php\/wp-json\/wp\/v2\/pages\/1405\/revisions\/4208"}],"wp:attachment":[{"href":"https:\/\/llanobeisbol.com\/index.php\/wp-json\/wp\/v2\/media?parent=1405"}],"curies":[{"name":"wp","href":"https:\/\/api.w.org\/{rel}","templated":true}]}}